{"id":90,"date":"2025-04-24T22:34:35","date_gmt":"2025-04-24T20:34:35","guid":{"rendered":"https:\/\/ativia.fr\/?page_id=90"},"modified":"2025-04-25T14:17:59","modified_gmt":"2025-04-25T12:17:59","slug":"mentions-legales","status":"publish","type":"page","link":"https:\/\/ativia.fr\/index.php\/mentions-legales\/","title":{"rendered":"Mentions l\u00e9gales"},"content":{"rendered":"\n<h1 class=\"wp-block-heading has-text-align-center\" style=\"padding-bottom:var(--wp--preset--spacing--60)\">Mentions l\u00e9gales<\/h1>\n\n\n\n<p style=\"padding-bottom:var(--wp--preset--spacing--50)\">Conform\u00e9ment aux dispositions de la loi n\u00b0 2004-575 du 21 juin 2004 pour la confiance en l&rsquo;\u00e9conomie num\u00e9rique, il est pr\u00e9cis\u00e9 aux utilisateurs du site ativia l&rsquo;identit\u00e9 des diff\u00e9rents intervenants dans le cadre de sa r\u00e9alisation et de son suivi.<\/p>\n\n\n\n<p><\/p>\n\n\n\n<p><\/p>\n\n\n\n<h2 class=\"wp-block-heading\" style=\"padding-bottom:var(--wp--preset--spacing--40)\">Edition du site<\/h2>\n\n\n\n<p><\/p>\n\n\n\n<p>Le pr\u00e9sent site, accessible \u00e0 l\u2019URL www.ativia.fr (le \u00ab Site \u00bb), est \u00e9dit\u00e9 par :<br>La soci\u00e9t\u00e9 ATIVIA, 9 rue du dr Blanchon 44100 BLOIS, repr\u00e9sent\u00e9e par Thomas BESNARD,<br>Num\u00e9ro d&rsquo;immatriculation au RCS: Blois B 931 917 926<br>Num\u00e9ro d&rsquo;identification \u00e0 la TVA: FR02 931 917 926<\/p>\n\n\n\n<p style=\"padding-bottom:var(--wp--preset--spacing--50)\"><\/p>\n\n\n\n<p><\/p>\n\n\n\n<h2 class=\"wp-block-heading\" style=\"padding-bottom:var(--wp--preset--spacing--40)\">H\u00e9bergement<\/h2>\n\n\n\n<p><\/p>\n\n\n\n<p style=\"padding-bottom:var(--wp--preset--spacing--50)\">Le Site est h\u00e9berg\u00e9 par la soci\u00e9t\u00e9 OVH SAS, situ\u00e9 2 rue Kellermann &#8211; BP 80157 &#8211; 59053 Roubaix Cedex 1, (contact t\u00e9l\u00e9phonique ou email : 1007).<\/p>\n\n\n\n<p><\/p>\n\n\n\n<p><\/p>\n\n\n\n<h2 class=\"wp-block-heading\" style=\"padding-bottom:var(--wp--preset--spacing--40)\">Nous contacter<\/h2>\n\n\n\n<p><\/p>\n\n\n\n<p>Par t\u00e9l\u00e9phone : 09 83 07 36 52<br>Par email : contact@ativia.fr<\/p>\n\n\n\n<p><\/p>\n","protected":false},"excerpt":{"rendered":"<p>Mentions l\u00e9gales Conform\u00e9ment aux dispositions de la loi n\u00b0 2004-575 du 21 juin 2004 pour la confiance en l&rsquo;\u00e9conomie num\u00e9rique, il est pr\u00e9cis\u00e9 aux utilisateurs du site ativia l&rsquo;identit\u00e9 des diff\u00e9rents intervenants dans le cadre de sa r\u00e9alisation et de son suivi. Edition du site Le pr\u00e9sent site, accessible \u00e0 l\u2019URL www.ativia.fr (le \u00ab Site [&hellip;]<\/p>\n","protected":false},"author":1,"featured_media":0,"parent":0,"menu_order":0,"comment_status":"closed","ping_status":"closed","template":"","meta":{"inline_featured_image":false,"footnotes":""},"class_list":["post-90","page","type-page","status-publish","hentry"],"_links":{"self":[{"href":"https:\/\/ativia.fr\/index.php\/wp-json\/wp\/v2\/pages\/90","targetHints":{"allow":["GET"]}}],"collection":[{"href":"https:\/\/ativia.fr\/index.php\/wp-json\/wp\/v2\/pages"}],"about":[{"href":"https:\/\/ativia.fr\/index.php\/wp-json\/wp\/v2\/types\/page"}],"author":[{"embeddable":true,"href":"https:\/\/ativia.fr\/index.php\/wp-json\/wp\/v2\/users\/1"}],"replies":[{"embeddable":true,"href":"https:\/\/ativia.fr\/index.php\/wp-json\/wp\/v2\/comments?post=90"}],"version-history":[{"count":8,"href":"https:\/\/ativia.fr\/index.php\/wp-json\/wp\/v2\/pages\/90\/revisions"}],"predecessor-version":[{"id":102,"href":"https:\/\/ativia.fr\/index.php\/wp-json\/wp\/v2\/pages\/90\/revisions\/102"}],"wp:attachment":[{"href":"https:\/\/ativia.fr\/index.php\/wp-json\/wp\/v2\/media?parent=90"}],"curies":[{"name":"wp","href":"https:\/\/api.w.org\/{rel}","templated":true}]}}