{"id":87,"date":"2025-04-24T22:15:54","date_gmt":"2025-04-24T20:15:54","guid":{"rendered":"https:\/\/ativia.fr\/?page_id=87"},"modified":"2025-09-23T09:15:36","modified_gmt":"2025-09-23T07:15:36","slug":"toutes-nos-realisations","status":"publish","type":"page","link":"https:\/\/ativia.fr\/index.php\/toutes-nos-realisations\/","title":{"rendered":"Toutes nos r\u00e9alisations"},"content":{"rendered":"\n<h1 class=\"wp-block-heading has-text-align-center\" style=\"padding-bottom:var(--wp--preset--spacing--50)\">Nos r\u00e9alisations<\/h1>\n\n\n\n<p>D\u00e9couvrez comment notre expertise permet d\u2019accompagner nos clients dans la r\u00e9ussite de leurs projets. \u00c0 travers quelques \u00e9tudes de cas, nous vous pr\u00e9sentons notre d\u00e9marche, de l\u2019analyse des probl\u00e9matiques jusqu\u2019aux solutions mises en \u0153uvre et aux r\u00e9sultats obtenus.<\/p>\n\n\n\n<div class=\"wp-block-group has-global-padding is-layout-constrained wp-block-group-is-layout-constrained\" style=\"padding-top:var(--wp--preset--spacing--50)\">\n<div class=\"wp-block-group container-img-title-realisations has-global-padding is-content-justification-center is-layout-constrained wp-block-group-is-layout-constrained\">\n<div class=\"wp-block-group has-global-padding is-layout-constrained wp-block-group-is-layout-constrained\">\n<h3 class=\"wp-block-heading\"><strong>Orl\u00e9ans M\u00e9tropole \/ Ville d&rsquo;Orl\u00e9ans<\/strong><\/h3>\n\n\n\n<p><em><strong>Enfouissement et requalification des rues des Villas et de Ch\u00e2teaudun \u00e0 Orl\u00e9ans (45)<\/strong><\/em><\/p>\n<\/div>\n\n\n\n<figure class=\"wp-block-image size-full is-resized has-custom-border img-realisations\"><img loading=\"lazy\" decoding=\"async\" width=\"1363\" height=\"1285\" src=\"http:\/\/ativia.fr\/wp-content\/uploads\/2025\/04\/APRES.png\" alt=\"\" class=\"wp-image-77\" style=\"border-radius:20px;width:276px;height:auto\" srcset=\"https:\/\/ativia.fr\/wp-content\/uploads\/2025\/04\/APRES.png 1363w, https:\/\/ativia.fr\/wp-content\/uploads\/2025\/04\/APRES-300x283.png 300w, https:\/\/ativia.fr\/wp-content\/uploads\/2025\/04\/APRES-1024x965.png 1024w, https:\/\/ativia.fr\/wp-content\/uploads\/2025\/04\/APRES-768x724.png 768w\" sizes=\"auto, (max-width: 1363px) 100vw, 1363px\" \/><\/figure>\n<\/div>\n\n\n\n<div class=\"wp-block-group container-texte-realisations has-global-padding is-layout-constrained wp-block-group-is-layout-constrained\" style=\"padding-top:var(--wp--preset--spacing--40)\">\n<div class=\"wp-block-group has-global-padding is-layout-constrained wp-block-group-is-layout-constrained\">\n<h3 class=\"wp-block-heading\"><strong>Probl\u00e8me initial:<\/strong><\/h3>\n\n\n\n<p><em>Situ\u00e9es entre deux axes importants de la ville, ces deux rues perpendiculaires constituent \u00ab\u00a0un micro quartier\u00a0\u00bb dont les am\u00e9nagements ne sont plus adapt\u00e9s aux usages actuels. <\/em><\/p>\n\n\n\n<p><em>Trottoirs tr\u00e8s \u00e9troits, pas d&rsquo;am\u00e9nagements cyclables, shunt \u00e0 travers les axes principaux, le MOA \u00e0 fait appel \u00e0 nous afin d&rsquo;apporter des solutions \u00e0 ces probl\u00e9matiques diverses.<\/em> <\/p>\n<\/div>\n\n\n\n<div class=\"wp-block-group has-global-padding is-layout-constrained wp-block-group-is-layout-constrained\">\n<h3 class=\"wp-block-heading\"><strong>Solutions apport\u00e9es:<\/strong><\/h3>\n\n\n\n<p><em>Enfouissement des r\u00e9seaux pour enlever les poteaux, suppression du shunt par la mise en sens unique d&rsquo;une partie de la rue, passage en zone de rencontre (20 km\/h avec pi\u00e9tons prioritaires sur cycles qui eux m\u00eames sont prioritaires sur les v\u00e9hicules \u00e0 moteurs) et refonte du stationnement ont permis de changer compl\u00e8tement le paysage.<\/em><\/p>\n<\/div>\n\n\n\n<div class=\"wp-block-group has-global-padding is-layout-constrained wp-block-group-is-layout-constrained\">\n<h3 class=\"wp-block-heading\"><strong>R\u00e9sultats obtenus:<\/strong><\/h3>\n\n\n\n<p><em>Cr\u00e9ation d&rsquo;un micro quartier apais\u00e9, une circulation o\u00f9 tous les modes ont trouv\u00e9s leur place et o\u00f9 les riverains ont pu s&rsquo;approprier pleinement leur lieu de vie.<\/em><\/p>\n\n\n\n<p><em>La plantation de quelques arbres et de v\u00e9g\u00e9taux ainsi que la cr\u00e9ation de tranch\u00e9es drainantes ont \u00e9galement permis de r\u00e9duire consid\u00e9rablement l&rsquo;apport au r\u00e9seau d\u00e9j\u00e0 satur\u00e9.<\/em><\/p>\n<\/div>\n<\/div>\n<\/div>\n\n\n\n<hr class=\"wp-block-separator aligncenter has-alpha-channel-opacity is-style-default separateur\" style=\"margin-top:var(--wp--preset--spacing--60);margin-bottom:var(--wp--preset--spacing--60)\"\/>\n\n\n\n<div class=\"wp-block-group has-global-padding is-layout-constrained wp-block-group-is-layout-constrained\" style=\"padding-top:var(--wp--preset--spacing--50)\">\n<div class=\"wp-block-group container-img-title-realisations has-global-padding is-content-justification-center is-layout-constrained wp-block-group-is-layout-constrained\">\n<div class=\"wp-block-group has-global-padding is-layout-constrained wp-block-group-is-layout-constrained\">\n<h3 class=\"wp-block-heading\"><strong>Ville de La Fert\u00e9-Saint-Aubin<\/strong><\/h3>\n\n\n\n<p><em><strong>Cr\u00e9ation d&rsquo;am\u00e9nagements cyclables de la route de Ligny \u00e0 la rue des Brossardi\u00e8res<\/strong><\/em><\/p>\n<\/div>\n\n\n\n<figure class=\"wp-block-image size-full is-resized has-custom-border img-realisations\"><img loading=\"lazy\" decoding=\"async\" width=\"2560\" height=\"1920\" src=\"https:\/\/ativia.fr\/wp-content\/uploads\/2025\/04\/IMG_7995-scaled.jpg\" alt=\"\" class=\"wp-image-78\" style=\"border-radius:20px;width:287px;height:auto\" srcset=\"https:\/\/ativia.fr\/wp-content\/uploads\/2025\/04\/IMG_7995-scaled.jpg 2560w, https:\/\/ativia.fr\/wp-content\/uploads\/2025\/04\/IMG_7995-300x225.jpg 300w, https:\/\/ativia.fr\/wp-content\/uploads\/2025\/04\/IMG_7995-1024x768.jpg 1024w, https:\/\/ativia.fr\/wp-content\/uploads\/2025\/04\/IMG_7995-768x576.jpg 768w, https:\/\/ativia.fr\/wp-content\/uploads\/2025\/04\/IMG_7995-1536x1152.jpg 1536w, https:\/\/ativia.fr\/wp-content\/uploads\/2025\/04\/IMG_7995-2048x1536.jpg 2048w\" sizes=\"auto, (max-width: 2560px) 100vw, 2560px\" \/><\/figure>\n<\/div>\n\n\n\n<div class=\"wp-block-group container-texte-realisations has-global-padding is-layout-constrained wp-block-group-is-layout-constrained\" style=\"padding-top:var(--wp--preset--spacing--40)\">\n<div class=\"wp-block-group has-global-padding is-layout-constrained wp-block-group-is-layout-constrained\">\n<h3 class=\"wp-block-heading\"><strong>Probl\u00e8me initial:<\/strong><\/h3>\n\n\n\n<p><em>Relier une zone d&rsquo;activit\u00e9 au Nord \u00e0 un quartier d&rsquo;habitation au Sud, passer par des rues avec des emprises tr\u00e8s h\u00e9t\u00e9rog\u00e8nes, relier les am\u00e9nagements \u00e0 des points strat\u00e9giques (gare, salle multi activit\u00e9, \u00e9cole\u2026) : voil\u00e0 pourquoi le MOA \u00e0 fait appel \u00e0 nos services.<\/em><\/p>\n<\/div>\n\n\n\n<div class=\"wp-block-group has-global-padding is-layout-constrained wp-block-group-is-layout-constrained\">\n<h3 class=\"wp-block-heading\"><strong>Solutions apport\u00e9es:<\/strong><\/h3>\n\n\n\n<p><em>Adapter l&rsquo;am\u00e9nagement \u00e0 l&#8217;emprise et \u00e0 l&rsquo;existant tout en cr\u00e9ant une vraie continuit\u00e9 d&rsquo;un bout \u00e0 l&rsquo;autre c&rsquo;est ce que nous avons imagin\u00e9.<\/em><\/p>\n\n\n\n<p><em>Pistes cyclables monodirectionnelles, bidirectionnelles, chauss\u00e9e \u00e0 voie centrale banalis\u00e9e et voie verte nous avons su jouer avec la palette et notre grande exp\u00e9rience des am\u00e9nagements cyclables.<\/em><\/p>\n<\/div>\n\n\n\n<div class=\"wp-block-group has-global-padding is-layout-constrained wp-block-group-is-layout-constrained\">\n<h3 class=\"wp-block-heading\"><strong>R\u00e9sultats obtenus:<\/strong><\/h3>\n\n\n\n<p><em>Ces nouveaux am\u00e9nagements offrent une voie s\u00e9curis\u00e9e et agr\u00e9able pour les cyclistes, favorisant ainsi les d\u00e9placements doux et \u00e9cologiques dans la commune.<\/em><\/p>\n\n\n\n<p><em>Relier le Sud au Nord (et inversement) sans discontinuit\u00e9 et en pleine s\u00e9curit\u00e9 pour le plus grand bonheur des citoyens.<\/em><\/p>\n<\/div>\n<\/div>\n<\/div>\n\n\n\n<hr class=\"wp-block-separator aligncenter has-alpha-channel-opacity is-style-default separateur\" style=\"margin-top:var(--wp--preset--spacing--60);margin-bottom:var(--wp--preset--spacing--60)\"\/>\n\n\n\n<div class=\"wp-block-group has-global-padding is-layout-constrained wp-block-group-is-layout-constrained\" style=\"padding-top:var(--wp--preset--spacing--50);padding-bottom:var(--wp--preset--spacing--50)\">\n<div class=\"wp-block-group container-img-title-realisations has-global-padding is-content-justification-center is-layout-constrained wp-block-group-is-layout-constrained\">\n<div class=\"wp-block-group has-global-padding is-layout-constrained wp-block-group-is-layout-constrained\">\n<h3 class=\"wp-block-heading\"><strong>Ville de Bracieux<\/strong><\/h3>\n\n\n\n<p><em><strong>D\u00e9simperm\u00e9abilisation et requalification de la cour d&rsquo;\u00e9cole Ren\u00e9 Masson<\/strong><\/em><\/p>\n<\/div>\n\n\n\n<figure class=\"wp-block-image size-full is-resized has-custom-border img-realisations\"><img loading=\"lazy\" decoding=\"async\" width=\"917\" height=\"810\" src=\"https:\/\/ativia.fr\/wp-content\/uploads\/2025\/04\/Bracieux-1.png\" alt=\"\" class=\"wp-image-79\" style=\"border-radius:20px;width:286px;height:auto\" srcset=\"https:\/\/ativia.fr\/wp-content\/uploads\/2025\/04\/Bracieux-1.png 917w, https:\/\/ativia.fr\/wp-content\/uploads\/2025\/04\/Bracieux-1-300x265.png 300w, https:\/\/ativia.fr\/wp-content\/uploads\/2025\/04\/Bracieux-1-768x678.png 768w\" sizes=\"auto, (max-width: 917px) 100vw, 917px\" \/><\/figure>\n<\/div>\n\n\n\n<div class=\"wp-block-group container-texte-realisations has-global-padding is-layout-constrained wp-block-group-is-layout-constrained\" style=\"padding-top:var(--wp--preset--spacing--40)\">\n<div class=\"wp-block-group has-global-padding is-layout-constrained wp-block-group-is-layout-constrained\">\n<h3 class=\"wp-block-heading\"><strong>Probl\u00e8me initial:<\/strong><\/h3>\n\n\n\n<p><em>Une cours d&rsquo;\u00e9cole tr\u00e8s min\u00e9rale, vieillissante, sans grand int\u00e9r\u00eat pour les enfants et des r\u00e9seaux satur\u00e9s lors des fortes pluies : c&rsquo;est pour cela que le MOA \u00e0 souhait\u00e9 s&rsquo;appuyer sur notre expertise.<\/em><\/p>\n<\/div>\n\n\n\n<div class=\"wp-block-group has-global-padding is-layout-constrained wp-block-group-is-layout-constrained\">\n<h3 class=\"wp-block-heading\"><strong>Solutions apport\u00e9es:<\/strong><\/h3>\n\n\n\n<p><em>Structuration de l&rsquo;espace et des zones d&rsquo;activit\u00e9s, maximisation des espaces v\u00e9g\u00e9talis\u00e9s et mise en place d&rsquo;un mat\u00e9riau poreux sur l&rsquo;ensemble de la cour ont apport\u00e9s un vrai souffle d&rsquo;air frais \u00e0 cet espace de r\u00e9cr\u00e9ation.<\/em><\/p>\n<\/div>\n\n\n\n<div class=\"wp-block-group has-global-padding is-layout-constrained wp-block-group-is-layout-constrained\">\n<h3 class=\"wp-block-heading\"><strong>R\u00e9sultats obtenus:<\/strong><\/h3>\n\n\n\n<p><em>Les espaces de jeux, de lecture, de jardinage et d&rsquo;aventure apportent une vraie plus value au r\u00e9cr\u00e9ations des \u00e9l\u00e8ves.<\/em><\/p>\n\n\n\n<p><em>Une r\u00e9duction maximale de l&rsquo;apport en eaux pluviales au r\u00e9seau d\u00e9di\u00e9 : le vrai plus.<\/em><\/p>\n<\/div>\n<\/div>\n<\/div>\n\n\n\n<div class=\"wp-block-group alignfull has-contrast-background-color has-background has-global-padding is-layout-constrained wp-block-group-is-layout-constrained\" style=\"padding-bottom:var(--wp--preset--spacing--60)\">\n<h2 class=\"wp-block-heading alignwide has-text-align-center has-base-color has-text-color has-link-color wp-elements-91d97c92beaaf61beac232605aa90034\" style=\"padding-top:var(--wp--preset--spacing--50);padding-bottom:var(--wp--preset--spacing--40);font-size:clamp(24.034px, 1.502rem + ((1vw - 3.2px) * 1.565), 40px);\">Contactez-nous pour concr\u00e9tiser votre projet<\/h2>\n\n\n\n<div class=\"wp-block-group alignwide contact-container has-global-padding is-content-justification-center is-layout-constrained wp-block-group-is-layout-constrained\">\n<div class=\"wp-block-group has-global-padding is-layout-constrained wp-container-core-group-is-layout-731c369d wp-block-group-is-layout-constrained\">\n<div class=\"wp-block-group has-base-background-color has-background has-global-padding is-layout-constrained wp-block-group-is-layout-constrained\" style=\"border-radius:500px\">\n<figure class=\"wp-block-image aligncenter is-style-rounded wp-duotone-unset-1\"><img decoding=\"async\" src=\"https:\/\/wordpress.pinglab.fr\/wp-content\/uploads\/2025\/03\/02968425-bc48-80f1-8005-b1d8b0c698eb.png\" alt=\"\" class=\"wp-image-159\"\/><\/figure>\n<\/div>\n<\/div>\n\n\n\n<div class=\"wp-block-group is-vertical is-layout-flex wp-container-core-group-is-layout-4b827052 wp-block-group-is-layout-flex\">\n<div class=\"wp-block-group is-nowrap is-layout-flex wp-container-core-group-is-layout-6c531013 wp-block-group-is-layout-flex\">\n<figure class=\"wp-block-image size-large\"><img decoding=\"async\" src=\"https:\/\/wordpress.pinglab.fr\/wp-content\/uploads\/2025\/03\/Graphics-_-Default-_-phone.svg.svg\" alt=\"\" class=\"wp-image-163\"\/><\/figure>\n\n\n\n<p class=\"has-base-color has-text-color has-link-color wp-elements-84f465a88f54fa81a3c974785b0cd33b\">T\u00e9l. : 09 83 07 36 52<\/p>\n<\/div>\n\n\n\n<div class=\"wp-block-group is-nowrap is-layout-flex wp-container-core-group-is-layout-6c531013 wp-block-group-is-layout-flex\">\n<figure class=\"wp-block-image size-large\"><img decoding=\"async\" src=\"https:\/\/wordpress.pinglab.fr\/wp-content\/uploads\/2025\/03\/Graphics-_-Outlined-_-email-outline.svg.svg\" alt=\"\" class=\"wp-image-162\"\/><\/figure>\n\n\n\n<p class=\"has-base-color has-text-color has-link-color wp-elements-b68092adf02e37f74d08455339d78524\">contact@ativia.fr<\/p>\n<\/div>\n\n\n\n<div class=\"wp-block-buttons btn-web is-layout-flex wp-block-buttons-is-layout-flex\" style=\"padding-top:var(--wp--preset--spacing--50)\">\n<div class=\"wp-block-button btn-ativia-fonce\"><a class=\"wp-block-button__link has-contrast-color has-text-color has-background has-link-color wp-element-button\" href=\"https:\/\/ativia.fr\/index.php\/contactez-nous\/\" style=\"background-color:#b5e9d1\">Contactez-nous<\/a><\/div>\n<\/div>\n<\/div>\n<\/div>\n\n\n\n<div class=\"wp-block-buttons btn-mob is-content-justification-center is-layout-flex wp-container-core-buttons-is-layout-79a8c2d4 wp-block-buttons-is-layout-flex\" style=\"margin-top:0;margin-bottom:0;padding-top:var(--wp--preset--spacing--50);padding-bottom:var(--wp--preset--spacing--60)\">\n<div class=\"wp-block-button btn-ativia-fonce\"><a class=\"wp-block-button__link has-contrast-color has-text-color has-background has-link-color has-text-align-center wp-element-button\" href=\"https:\/\/ativia.fr\/index.php\/contactez-nous\/\" style=\"background-color:#b5e9d1\">Contactez-nous<\/a><\/div>\n<\/div>\n<\/div>\n","protected":false},"excerpt":{"rendered":"<p>Nos r\u00e9alisations D\u00e9couvrez comment notre expertise permet d\u2019accompagner nos clients dans la r\u00e9ussite de leurs projets. \u00c0 travers quelques \u00e9tudes de cas, nous vous pr\u00e9sentons notre d\u00e9marche, de l\u2019analyse des probl\u00e9matiques jusqu\u2019aux solutions mises en \u0153uvre et aux r\u00e9sultats obtenus. Orl\u00e9ans M\u00e9tropole \/ Ville d&rsquo;Orl\u00e9ans Enfouissement et requalification des rues des Villas et de Ch\u00e2teaudun [&hellip;]<\/p>\n","protected":false},"author":1,"featured_media":0,"parent":0,"menu_order":0,"comment_status":"closed","ping_status":"closed","template":"","meta":{"inline_featured_image":false,"footnotes":""},"class_list":["post-87","page","type-page","status-publish","hentry"],"_links":{"self":[{"href":"https:\/\/ativia.fr\/index.php\/wp-json\/wp\/v2\/pages\/87","targetHints":{"allow":["GET"]}}],"collection":[{"href":"https:\/\/ativia.fr\/index.php\/wp-json\/wp\/v2\/pages"}],"about":[{"href":"https:\/\/ativia.fr\/index.php\/wp-json\/wp\/v2\/types\/page"}],"author":[{"embeddable":true,"href":"https:\/\/ativia.fr\/index.php\/wp-json\/wp\/v2\/users\/1"}],"replies":[{"embeddable":true,"href":"https:\/\/ativia.fr\/index.php\/wp-json\/wp\/v2\/comments?post=87"}],"version-history":[{"count":6,"href":"https:\/\/ativia.fr\/index.php\/wp-json\/wp\/v2\/pages\/87\/revisions"}],"predecessor-version":[{"id":136,"href":"https:\/\/ativia.fr\/index.php\/wp-json\/wp\/v2\/pages\/87\/revisions\/136"}],"wp:attachment":[{"href":"https:\/\/ativia.fr\/index.php\/wp-json\/wp\/v2\/media?parent=87"}],"curies":[{"name":"wp","href":"https:\/\/api.w.org\/{rel}","templated":true}]}}