{"id":61,"date":"2025-04-14T07:56:25","date_gmt":"2025-04-14T05:56:25","guid":{"rendered":"https:\/\/ativia.fr\/?page_id=61"},"modified":"2025-05-07T17:29:11","modified_gmt":"2025-05-07T15:29:11","slug":"qui-sommes-nous","status":"publish","type":"page","link":"https:\/\/ativia.fr\/index.php\/qui-sommes-nous\/","title":{"rendered":"Qui sommes-nous"},"content":{"rendered":"\n<h1 class=\"wp-block-heading has-text-align-center\" style=\"padding-top:var(--wp--preset--spacing--50);padding-right:0;padding-bottom:var(--wp--preset--spacing--70)\">Qui sommes-nous?<\/h1>\n\n\n\n<p style=\"padding-bottom:var(--wp--preset--spacing--50)\"><em>Passionn\u00e9 d\u2019am\u00e9nagement et de chantier, apr\u00e8s des exp\u00e9riences en entreprise travaux et en maitrise d\u2019\u0153uvre, Thomas BESNARD a d\u00e9cid\u00e9 de cr\u00e9er ATIVIA afin d\u2019apporter son savoir-faire et sa rigueur \u00e0 des maitres d\u2019ouvrages d\u00e9sireux de r\u00e9aliser des projets durables et de qualit\u00e9.<\/em><br><\/p>\n\n\n\n<div class=\"wp-block-group alignfull is-style-section-5 has-global-padding is-layout-constrained wp-block-group-is-layout-constrained is-style-section-5--1\" style=\"padding-bottom:var(--wp--preset--spacing--60)\">\n<h1 class=\"wp-block-heading has-text-align-center\" style=\"padding-top:var(--wp--preset--spacing--50);padding-bottom:var(--wp--preset--spacing--50)\">Nos engagements<\/h1>\n\n\n\n<div class=\"wp-block-group containerengagqui has-global-padding is-layout-constrained wp-block-group-is-layout-constrained\">\n<div class=\"wp-block-group blockcotainengqui has-global-padding is-layout-constrained wp-block-group-is-layout-constrained\">\n<div class=\"wp-block-group titlesvgqui has-global-padding is-layout-constrained wp-block-group-is-layout-constrained\">\n<figure class=\"wp-block-image size-large\"><img decoding=\"async\" src=\"https:\/\/wordpress.pinglab.fr\/wp-content\/uploads\/2025\/04\/svgcertif.svg\" alt=\"\" class=\"wp-image-309\"\/><\/figure>\n\n\n\n<h3 class=\"wp-block-heading\">Qualit\u00e9:<\/h3>\n<\/div>\n\n\n\n<p class=\"pengagqui\"><em>Nous assurons des prestations de haute qualit\u00e9 gr\u00e2ce \u00e0 des processus rigoureux garantissant des r\u00e9sultats optimaux.<\/em><\/p>\n<\/div>\n\n\n\n<div class=\"wp-block-group blockcotainengqui has-global-padding is-layout-constrained wp-block-group-is-layout-constrained\">\n<div class=\"wp-block-group titlesvgqui has-global-padding is-layout-constrained wp-block-group-is-layout-constrained\">\n<figure class=\"wp-block-image size-large\"><img decoding=\"async\" src=\"https:\/\/wordpress.pinglab.fr\/wp-content\/uploads\/2025\/04\/svginfini.svg\" alt=\"\" class=\"wp-image-322\"\/><\/figure>\n\n\n\n<h3 class=\"wp-block-heading\"><em>Durabilit\u00e9:<\/em><\/h3>\n<\/div>\n\n\n\n<p class=\"pengagqui\"><em>Nous minimisons l\u2019impact<\/em> <em>environnemental en privil\u00e9giant des mat\u00e9riaux durables et des technologies \u00e9co-responsables<\/em><\/p>\n<\/div>\n\n\n\n<div class=\"wp-block-group blockcotainengqui has-global-padding is-layout-constrained wp-block-group-is-layout-constrained\">\n<div class=\"wp-block-group titlesvgqui has-global-padding is-layout-constrained wp-block-group-is-layout-constrained\">\n<figure class=\"wp-block-image size-large\"><img decoding=\"async\" src=\"https:\/\/wordpress.pinglab.fr\/wp-content\/uploads\/2025\/04\/svggroupe.svg\" alt=\"\" class=\"wp-image-323\"\/><\/figure>\n\n\n\n<h3 class=\"wp-block-heading\"><em>Accompagnement :<\/em><\/h3>\n<\/div>\n\n\n\n<p class=\"pengagqui\"><em><em>Nous avons \u00e0 c\u0153ur d\u2019\u00eatre pr\u00e9sents \u00e0 chaque \u00e9tape du projet, en assurant un suivi rigoureux et personnalis\u00e9 du d\u00e9but \u00e0 la fin<\/em><\/em><\/p>\n<\/div>\n<\/div>\n<\/div>\n\n\n\n<h1 class=\"wp-block-heading has-text-align-center\" style=\"padding-top:var(--wp--preset--spacing--50);padding-bottom:var(--wp--preset--spacing--30)\">Exp\u00e9rience<\/h1>\n\n\n\n<div class=\"wp-block-group containerexperience has-global-padding is-layout-constrained wp-block-group-is-layout-constrained\" style=\"padding-bottom:var(--wp--preset--spacing--30)\">\n<p style=\"padding-bottom:0\"><em>14 ans d\u2019exp\u00e9rience dans l\u2019am\u00e9nagement du territoire, garantissant une expertise \u00e9prouv\u00e9e et un savoir-faire reconnu<\/em><\/p>\n\n\n\n<p style=\"padding-bottom:var(--wp--preset--spacing--60)\"><em>De nombreux projets r\u00e9alis\u00e9s \u00e0 travers diverses r\u00e9gions, d\u00e9montrant notre capacit\u00e9 \u00e0 intervenir sur des chantiers vari\u00e9s et complexes.<\/em><\/p>\n<\/div>\n\n\n\n<div class=\"wp-block-group alignfull has-contrast-background-color has-background has-global-padding is-layout-constrained wp-block-group-is-layout-constrained\" style=\"padding-bottom:var(--wp--preset--spacing--60)\">\n<h2 class=\"wp-block-heading alignwide has-text-align-center has-base-color has-text-color has-link-color wp-elements-91d97c92beaaf61beac232605aa90034\" style=\"padding-top:var(--wp--preset--spacing--50);padding-bottom:var(--wp--preset--spacing--40);font-size:clamp(24.034px, 1.502rem + ((1vw - 3.2px) * 1.565), 40px);\">Contactez-nous pour concr\u00e9tiser votre projet<\/h2>\n\n\n\n<div class=\"wp-block-group alignwide contact-container has-global-padding is-content-justification-center is-layout-constrained wp-block-group-is-layout-constrained\">\n<div class=\"wp-block-group has-global-padding is-layout-constrained wp-container-core-group-is-layout-731c369d wp-block-group-is-layout-constrained\">\n<div class=\"wp-block-group has-base-background-color has-background has-global-padding is-layout-constrained wp-block-group-is-layout-constrained\" style=\"border-radius:500px\">\n<figure class=\"wp-block-image aligncenter is-style-rounded wp-duotone-unset-2\"><img decoding=\"async\" src=\"https:\/\/wordpress.pinglab.fr\/wp-content\/uploads\/2025\/03\/02968425-bc48-80f1-8005-b1d8b0c698eb.png\" alt=\"\" class=\"wp-image-159\"\/><\/figure>\n<\/div>\n<\/div>\n\n\n\n<div class=\"wp-block-group is-vertical is-layout-flex wp-container-core-group-is-layout-4b827052 wp-block-group-is-layout-flex\">\n<div class=\"wp-block-group is-nowrap is-layout-flex wp-container-core-group-is-layout-6c531013 wp-block-group-is-layout-flex\">\n<figure class=\"wp-block-image size-large\"><img decoding=\"async\" src=\"https:\/\/wordpress.pinglab.fr\/wp-content\/uploads\/2025\/03\/Graphics-_-Default-_-phone.svg.svg\" alt=\"\" class=\"wp-image-163\"\/><\/figure>\n\n\n\n<p class=\"has-base-color has-text-color has-link-color wp-elements-84f465a88f54fa81a3c974785b0cd33b\">T\u00e9l. : 09 83 07 36 52<\/p>\n<\/div>\n\n\n\n<div class=\"wp-block-group is-nowrap is-layout-flex wp-container-core-group-is-layout-6c531013 wp-block-group-is-layout-flex\">\n<figure class=\"wp-block-image size-large\"><img decoding=\"async\" src=\"https:\/\/wordpress.pinglab.fr\/wp-content\/uploads\/2025\/03\/Graphics-_-Outlined-_-email-outline.svg.svg\" alt=\"\" class=\"wp-image-162\"\/><\/figure>\n\n\n\n<p class=\"has-base-color has-text-color has-link-color wp-elements-b68092adf02e37f74d08455339d78524\">contact@ativia.fr<\/p>\n<\/div>\n\n\n\n<div class=\"wp-block-buttons btn-web is-layout-flex wp-block-buttons-is-layout-flex\" style=\"padding-top:var(--wp--preset--spacing--50)\">\n<div class=\"wp-block-button btn-ativia-fonce\"><a class=\"wp-block-button__link has-contrast-color has-text-color has-background has-link-color wp-element-button\" href=\"https:\/\/ativia.fr\/index.php\/contactez-nous\/\" style=\"background-color:#b5e9d1\">Contactez-nous<\/a><\/div>\n<\/div>\n<\/div>\n<\/div>\n\n\n\n<div class=\"wp-block-buttons btn-mob is-content-justification-center is-layout-flex wp-container-core-buttons-is-layout-79a8c2d4 wp-block-buttons-is-layout-flex\" style=\"margin-top:0;margin-bottom:0;padding-top:var(--wp--preset--spacing--50);padding-bottom:var(--wp--preset--spacing--60)\">\n<div class=\"wp-block-button btn-ativia-fonce\"><a class=\"wp-block-button__link has-contrast-color has-text-color has-background has-link-color has-text-align-center wp-element-button\" href=\"https:\/\/ativia.fr\/index.php\/contactez-nous\/\" style=\"background-color:#b5e9d1\">Contactez-nous<\/a><\/div>\n<\/div>\n<\/div>\n","protected":false},"excerpt":{"rendered":"<p>Qui sommes-nous? Passionn\u00e9 d\u2019am\u00e9nagement et de chantier, apr\u00e8s des exp\u00e9riences en entreprise travaux et en maitrise d\u2019\u0153uvre, Thomas BESNARD a d\u00e9cid\u00e9 de cr\u00e9er ATIVIA afin d\u2019apporter son savoir-faire et sa rigueur \u00e0 des maitres d\u2019ouvrages d\u00e9sireux de r\u00e9aliser des projets durables et de qualit\u00e9. Nos engagements Qualit\u00e9: Nous assurons des prestations de haute qualit\u00e9 gr\u00e2ce [&hellip;]<\/p>\n","protected":false},"author":1,"featured_media":0,"parent":0,"menu_order":0,"comment_status":"closed","ping_status":"closed","template":"","meta":{"inline_featured_image":false,"footnotes":""},"class_list":["post-61","page","type-page","status-publish","hentry"],"_links":{"self":[{"href":"https:\/\/ativia.fr\/index.php\/wp-json\/wp\/v2\/pages\/61","targetHints":{"allow":["GET"]}}],"collection":[{"href":"https:\/\/ativia.fr\/index.php\/wp-json\/wp\/v2\/pages"}],"about":[{"href":"https:\/\/ativia.fr\/index.php\/wp-json\/wp\/v2\/types\/page"}],"author":[{"embeddable":true,"href":"https:\/\/ativia.fr\/index.php\/wp-json\/wp\/v2\/users\/1"}],"replies":[{"embeddable":true,"href":"https:\/\/ativia.fr\/index.php\/wp-json\/wp\/v2\/comments?post=61"}],"version-history":[{"count":3,"href":"https:\/\/ativia.fr\/index.php\/wp-json\/wp\/v2\/pages\/61\/revisions"}],"predecessor-version":[{"id":127,"href":"https:\/\/ativia.fr\/index.php\/wp-json\/wp\/v2\/pages\/61\/revisions\/127"}],"wp:attachment":[{"href":"https:\/\/ativia.fr\/index.php\/wp-json\/wp\/v2\/media?parent=61"}],"curies":[{"name":"wp","href":"https:\/\/api.w.org\/{rel}","templated":true}]}}