{"id":53,"date":"2025-04-14T07:47:28","date_gmt":"2025-04-14T05:47:28","guid":{"rendered":"https:\/\/ativia.fr\/?page_id=53"},"modified":"2025-05-07T17:28:24","modified_gmt":"2025-05-07T15:28:24","slug":"nos-missions","status":"publish","type":"page","link":"https:\/\/ativia.fr\/index.php\/nos-missions\/","title":{"rendered":"Nos missions"},"content":{"rendered":"\n<h1 class=\"wp-block-heading has-text-align-center\">Nos Missions<\/h1>\n\n\n\n<div class=\"wp-block-group alignwide has-global-padding is-layout-constrained wp-block-group-is-layout-constrained\" style=\"margin-top:var(--wp--preset--spacing--40);margin-bottom:var(--wp--preset--spacing--50)\">\n<p>Notre soci\u00e9t\u00e9, sp\u00e9cialis\u00e9e dans la maitrise d\u2019\u0153uvre VRD (Voirie et R\u00e9seaux Divers), accompagne les collectivit\u00e9s, promoteurs, entreprises\u2026 dans la conception et la r\u00e9alisation d\u2019infrastructures performantes.<\/p>\n\n\n\n<p>Nous nous engageons \u00e0 offrir des solutions sur mesure, en garantissant le respect des d\u00e9lais et des budgets, une expertise technique et innovante et un accompagnement \u00e0 chaque \u00e9tape de votre projet.<\/p>\n<\/div>\n\n\n\n<div class=\"wp-block-group alignfull container-mission-vignette-container is-layout-flex wp-container-core-group-is-layout-a3a559bc wp-block-group-is-layout-flex\">\n<div class=\"wp-block-group alignfull mission-vignette-container has-contrast-background-color has-background has-global-padding is-layout-constrained wp-container-core-group-is-layout-35e39b01 wp-block-group-is-layout-constrained\" style=\"border-top-left-radius:20px;border-top-right-radius:20px;padding-top:0;padding-right:0;padding-bottom:var(--wp--preset--spacing--50);padding-left:0\">\n<div class=\"wp-block-group alignfull is-nowrap is-layout-flex wp-container-core-group-is-layout-7c8e3143 wp-block-group-is-layout-flex\" style=\"border-top-left-radius:20px;border-top-right-radius:20px;padding-right:var(--wp--preset--spacing--20)\">\n<figure class=\"wp-block-image size-thumbnail is-resized has-custom-border missions-img-vignette-missions\"><img loading=\"lazy\" decoding=\"async\" width=\"150\" height=\"150\" src=\"http:\/\/ativia.fr\/wp-content\/uploads\/2025\/04\/ativiabureau-150x150.jpg\" alt=\"\" class=\"wp-image-36\" style=\"border-top-left-radius:20px;border-bottom-right-radius:20px;object-fit:contain;width:126px;height:126px\" srcset=\"https:\/\/ativia.fr\/wp-content\/uploads\/2025\/04\/ativiabureau-150x150.jpg 150w, https:\/\/ativia.fr\/wp-content\/uploads\/2025\/04\/ativiabureau-300x300.jpg 300w, https:\/\/ativia.fr\/wp-content\/uploads\/2025\/04\/ativiabureau.jpg 591w\" sizes=\"auto, (max-width: 150px) 100vw, 150px\" \/><\/figure>\n\n\n\n<h2 class=\"wp-block-heading has-base-color has-text-color has-link-color wp-elements-3fef0acdb459445bb336bc28bde898f3\">Diagnostic (DIAG)<\/h2>\n<\/div>\n\n\n\n<p class=\"has-base-color has-text-color has-link-color wp-elements-1ebc1cfbe9ba418f57b7e07d6c26633b\" style=\"padding-right:var(--wp--preset--spacing--20);padding-left:var(--wp--preset--spacing--20)\">La phase de diagnostic est essentielle car elle permet de poser les bases solides d\u2019un projet, d\u2019anticiper les difficult\u00e9s et de d\u00e9finir une strat\u00e9gie d\u2019intervention adapt\u00e9e.<\/p>\n\n\n\n<div class=\"wp-block-group has-base-color has-text-color has-link-color wp-elements-8b39c89a8456308312446b1964f98c8d is-vertical is-layout-flex wp-container-core-group-is-layout-faa163cf wp-block-group-is-layout-flex\" style=\"padding-right:var(--wp--preset--spacing--20);padding-left:var(--wp--preset--spacing--20)\">\n<p>&#8211; Analyse pr\u00e9liminaire<\/p>\n\n\n\n<p>&#8211; Evaluation des besoins<\/p>\n\n\n\n<p>&#8211; Diagnostic technique<\/p>\n\n\n\n<p>&#8211; Analyse r\u00e8glementaire<\/p>\n\n\n\n<p>&#8211; Etude de faisabilit\u00e9<\/p>\n\n\n\n<p>&#8211; Synth\u00e8se et recommandations<\/p>\n<\/div>\n<\/div>\n\n\n\n<div class=\"wp-block-group bg-fonce mission-vignette-container has-global-padding is-layout-constrained wp-block-group-is-layout-constrained\">\n<div class=\"wp-block-group alignfull contour-bg has-contrast-color has-base-background-color has-text-color has-background has-link-color wp-elements-30464260dd9aef9d34dccbef52d0badd has-global-padding is-layout-constrained wp-container-core-group-is-layout-35e39b01 wp-block-group-is-layout-constrained\" style=\"border-top-left-radius:20px;border-top-right-radius:20px;min-height:100%;padding-top:0;padding-right:0;padding-bottom:var(--wp--preset--spacing--50);padding-left:0\">\n<div class=\"wp-block-group alignfull is-nowrap is-layout-flex wp-container-core-group-is-layout-7c8e3143 wp-block-group-is-layout-flex\" style=\"border-top-left-radius:20px;border-top-right-radius:20px;padding-right:var(--wp--preset--spacing--20)\">\n<figure class=\"wp-block-image size-thumbnail is-resized has-custom-border missions-img-vignette-missions\"><img loading=\"lazy\" decoding=\"async\" width=\"150\" height=\"150\" src=\"http:\/\/ativia.fr\/wp-content\/uploads\/2025\/04\/croqui-ativia-150x150.jpg\" alt=\"\" class=\"wp-image-19\" style=\"border-top-left-radius:20px;border-bottom-right-radius:20px;object-fit:contain;width:126px;height:126px\" srcset=\"https:\/\/ativia.fr\/wp-content\/uploads\/2025\/04\/croqui-ativia-150x150.jpg 150w, https:\/\/ativia.fr\/wp-content\/uploads\/2025\/04\/croqui-ativia-300x300.jpg 300w, https:\/\/ativia.fr\/wp-content\/uploads\/2025\/04\/croqui-ativia-768x768.jpg 768w, https:\/\/ativia.fr\/wp-content\/uploads\/2025\/04\/croqui-ativia.jpg 1024w\" sizes=\"auto, (max-width: 150px) 100vw, 150px\" \/><\/figure>\n\n\n\n<h2 class=\"wp-block-heading has-contrast-color has-text-color has-link-color wp-elements-6667068a12d61c036dd8dee030607ae1\">Avant-Projet (AVP)<\/h2>\n<\/div>\n\n\n\n<p class=\"has-contrast-color has-text-color has-link-color wp-elements-f140447475a31cb240de3e96130a6a2e\" style=\"padding-right:var(--wp--preset--spacing--20);padding-left:var(--wp--preset--spacing--20)\">La phase avant-projet permet de d\u00e9finir pr\u00e9cis\u00e9ment les contours du projet afin de minimiser les risques et impr\u00e9vus.<\/p>\n\n\n\n<div class=\"wp-block-group has-base-color has-text-color has-link-color wp-elements-a35dce33d1133c39087aaf8412e39bcb is-vertical is-layout-flex wp-container-core-group-is-layout-c8a7d908 wp-block-group-is-layout-flex\" style=\"padding-right:var(--wp--preset--spacing--20);padding-left:var(--wp--preset--spacing--20)\">\n<p class=\"has-contrast-color has-text-color has-link-color wp-elements-bf18f8d2051a1bdbf570456bfaa04e55\">&#8211; Etudes pr\u00e9liminaires<\/p>\n\n\n\n<p class=\"has-contrast-color has-text-color has-link-color wp-elements-2194fc5a3be40362cf4416fbf941a8b4\">&#8211; Esquisses et sch\u00e9mas<\/p>\n\n\n\n<p class=\"has-contrast-color has-text-color has-link-color wp-elements-e1f83ff45771f271d03d861fbc3f169b\">&#8211; Estimation des co\u00fbts<\/p>\n\n\n\n<p class=\"has-contrast-color has-text-color has-link-color wp-elements-4861b4d753328a3e21408ce279f479d1\">&#8211; Planning pr\u00e9visionnel<\/p>\n\n\n\n<p class=\"has-contrast-color has-text-color has-link-color wp-elements-2f39ae5ebe223001c6f6411b5d0e1d83\">&#8211; Choix des mat\u00e9riaux<\/p>\n<\/div>\n<\/div>\n<\/div>\n\n\n\n<div class=\"wp-block-group alignfull mission-vignette-container has-contrast-background-color has-background has-global-padding is-layout-constrained wp-container-core-group-is-layout-35e39b01 wp-block-group-is-layout-constrained\" style=\"border-top-left-radius:20px;border-top-right-radius:20px;padding-top:0;padding-right:0;padding-bottom:var(--wp--preset--spacing--50);padding-left:0\">\n<div class=\"wp-block-group alignfull is-nowrap is-layout-flex wp-container-core-group-is-layout-7c8e3143 wp-block-group-is-layout-flex\" style=\"border-top-left-radius:20px;border-top-right-radius:20px;padding-right:var(--wp--preset--spacing--20)\">\n<figure class=\"wp-block-image size-thumbnail is-resized has-custom-border missions-img-vignette-missions\"><img loading=\"lazy\" decoding=\"async\" width=\"150\" height=\"150\" src=\"http:\/\/ativia.fr\/wp-content\/uploads\/2025\/04\/crayonplanativia-150x150.jpg\" alt=\"\" class=\"wp-image-18\" style=\"border-top-left-radius:20px;border-bottom-right-radius:20px;object-fit:contain;width:126px;height:126px\" srcset=\"https:\/\/ativia.fr\/wp-content\/uploads\/2025\/04\/crayonplanativia-150x150.jpg 150w, https:\/\/ativia.fr\/wp-content\/uploads\/2025\/04\/crayonplanativia-300x300.jpg 300w, https:\/\/ativia.fr\/wp-content\/uploads\/2025\/04\/crayonplanativia-768x768.jpg 768w, https:\/\/ativia.fr\/wp-content\/uploads\/2025\/04\/crayonplanativia.jpg 1024w\" sizes=\"auto, (max-width: 150px) 100vw, 150px\" \/><\/figure>\n\n\n\n<h2 class=\"wp-block-heading has-base-color has-text-color has-link-color wp-elements-3def528a39783a248f4abc377e5747e1\">Projet (PRO)<\/h2>\n<\/div>\n\n\n\n<p class=\"has-base-color has-text-color has-link-color wp-elements-4b0dd6353ac2f346d557c767e92899e5\" style=\"padding-right:var(--wp--preset--spacing--20);padding-left:var(--wp--preset--spacing--20)\">La phase projet permet d\u2019affiner la description de l\u2019ouvrage afin de garantir la bonne compr\u00e9hension du projet par les entreprises.<\/p>\n\n\n\n<div class=\"wp-block-group has-base-color has-text-color has-link-color wp-elements-a8f2188e32fcd197171623da5ba395ed is-vertical is-layout-flex wp-container-core-group-is-layout-faa163cf wp-block-group-is-layout-flex\" style=\"padding-right:var(--wp--preset--spacing--20);padding-left:var(--wp--preset--spacing--20)\">\n<p>&#8211; Conception architecturale et technique<\/p>\n\n\n\n<p>&#8211; Etudes techniques d\u00e9taill\u00e9es<\/p>\n\n\n\n<p>&#8211; Dossier de consultation des entreprises<\/p>\n\n\n\n<p>&#8211; Planning d\u00e9taill\u00e9<\/p>\n\n\n\n<p>&#8211; Estimation pr\u00e9cise des co\u00fbts<\/p>\n\n\n\n<p>&#8211; Obtention des autorisations administratives<\/p>\n<\/div>\n<\/div>\n\n\n\n<div class=\"wp-block-group bg-fonce mission-vignette-container has-global-padding is-layout-constrained wp-block-group-is-layout-constrained\">\n<div class=\"wp-block-group alignfull contour-bg has-contrast-color has-base-background-color has-text-color has-background has-link-color wp-elements-b9da53702cc139b6c5a85e90241dbd15 has-global-padding is-layout-constrained wp-container-core-group-is-layout-35e39b01 wp-block-group-is-layout-constrained\" style=\"border-top-left-radius:20px;border-top-right-radius:20px;min-height:100%;padding-top:0;padding-right:0;padding-bottom:var(--wp--preset--spacing--50);padding-left:0\">\n<div class=\"wp-block-group alignfull is-nowrap is-layout-flex wp-container-core-group-is-layout-7c8e3143 wp-block-group-is-layout-flex\" style=\"border-top-left-radius:20px;border-top-right-radius:20px;padding-right:var(--wp--preset--spacing--20)\">\n<figure class=\"wp-block-image size-thumbnail is-resized has-custom-border missions-img-vignette-missions\"><img loading=\"lazy\" decoding=\"async\" width=\"150\" height=\"150\" src=\"http:\/\/ativia.fr\/wp-content\/uploads\/2025\/04\/reunion-ativia-150x150.jpg\" alt=\"\" class=\"wp-image-21\" style=\"border-top-left-radius:20px;border-bottom-right-radius:20px;object-fit:contain;width:126px;height:126px\"\/><\/figure>\n\n\n\n<h2 class=\"wp-block-heading has-contrast-color has-text-color has-link-color wp-elements-59d4f2c4b62fecdb2ee697ae0ec8a9d0\" style=\"font-size:clamp(16.293px, 1.018rem + ((1vw - 3.2px) * 0.854), 25px);\">Assistance aux contrats de travaux (ACT)<\/h2>\n<\/div>\n\n\n\n<p class=\"has-contrast-color has-text-color has-link-color wp-elements-7e18b093c71057968e17510d2e18b211\" style=\"padding-right:var(--wp--preset--spacing--20);padding-left:var(--wp--preset--spacing--20)\">La phase ACT a pour but d\u2019assurer une transition fluide entre la conception et la r\u00e9alisation. Elle garantit la comp\u00e9tence des entreprises s\u00e9lectionn\u00e9es.<\/p>\n\n\n\n<div class=\"wp-block-group has-base-color has-text-color has-link-color wp-elements-295b5ce9770c01c7de600c4887701dff is-vertical is-layout-flex wp-container-core-group-is-layout-c8a7d908 wp-block-group-is-layout-flex\" style=\"padding-right:var(--wp--preset--spacing--20);padding-left:var(--wp--preset--spacing--20)\">\n<p class=\"has-contrast-color has-text-color has-link-color wp-elements-7436f5b9d24def62af28f1dcdf5c3ccc\">&#8211; Consultation des entreprises<\/p>\n\n\n\n<p class=\"has-contrast-color has-text-color has-link-color wp-elements-bdaec36e19dab0955da10e1a1ca9bda4\">&#8211; Suivi des visites<\/p>\n\n\n\n<p class=\"has-contrast-color has-text-color has-link-color wp-elements-b3fe9bcc80dd56f9e9614cde444a15a3\">&#8211; Assistance \u00e0 la n\u00e9gociation<\/p>\n\n\n\n<p class=\"has-contrast-color has-text-color has-link-color wp-elements-ffbd9de013998ccdae86a8e8f5943ffc\">&#8211; Analyse des offres<\/p>\n\n\n\n<p class=\"has-contrast-color has-text-color has-link-color wp-elements-fdad6a586f3421c863030725ad387f22\">&#8211; R\u00e9daction des contrats<\/p>\n\n\n\n<p class=\"has-contrast-color has-text-color has-link-color wp-elements-94ff8231b66fd76483117755185e5d2c\">&#8211; Mise au point du march\u00e9<\/p>\n<\/div>\n<\/div>\n<\/div>\n\n\n\n<div class=\"wp-block-group alignfull mission-vignette-container has-contrast-background-color has-background has-global-padding is-layout-constrained wp-container-core-group-is-layout-35e39b01 wp-block-group-is-layout-constrained\" style=\"border-top-left-radius:20px;border-top-right-radius:20px;padding-top:0;padding-right:0;padding-bottom:var(--wp--preset--spacing--50);padding-left:0\">\n<div class=\"wp-block-group alignfull is-nowrap is-layout-flex wp-container-core-group-is-layout-7c8e3143 wp-block-group-is-layout-flex\" style=\"border-top-left-radius:20px;border-top-right-radius:20px;padding-right:var(--wp--preset--spacing--20)\">\n<figure class=\"wp-block-image size-thumbnail is-resized has-custom-border missions-img-vignette-missions\"><img loading=\"lazy\" decoding=\"async\" width=\"150\" height=\"150\" src=\"http:\/\/ativia.fr\/wp-content\/uploads\/2025\/04\/grue-ativia-150x150.jpg\" alt=\"\" class=\"wp-image-20\" style=\"border-top-left-radius:20px;border-bottom-right-radius:20px;object-fit:contain;width:126px;height:126px\" srcset=\"https:\/\/ativia.fr\/wp-content\/uploads\/2025\/04\/grue-ativia-150x150.jpg 150w, https:\/\/ativia.fr\/wp-content\/uploads\/2025\/04\/grue-ativia-300x300.jpg 300w, https:\/\/ativia.fr\/wp-content\/uploads\/2025\/04\/grue-ativia-768x768.jpg 768w, https:\/\/ativia.fr\/wp-content\/uploads\/2025\/04\/grue-ativia.jpg 1024w\" sizes=\"auto, (max-width: 150px) 100vw, 150px\" \/><\/figure>\n\n\n\n<h2 class=\"wp-block-heading has-base-color has-text-color has-link-color wp-elements-6c6e1c70f6b16cd525328fefc3cd40d0\" style=\"font-size:clamp(16.293px, 1.018rem + ((1vw - 3.2px) * 0.854), 25px);\">Direction de l\u2019ex\u00e9cution des travaux (DET)<\/h2>\n<\/div>\n\n\n\n<p class=\"has-base-color has-text-color has-link-color wp-elements-07ed1796c1b23c8ee12befa53799b371\" style=\"padding-right:var(--wp--preset--spacing--20);padding-left:var(--wp--preset--spacing--20)\">La phase DET est essentielle pour assurer une bonne ex\u00e9cution des travaux conform\u00e9ment aux plans et sp\u00e9cifications, tout en respectant les d\u00e9lais et le budget.<\/p>\n\n\n\n<div class=\"wp-block-group has-base-color has-text-color has-link-color wp-elements-c1ba8b09071aebbb100a9dac5348711a is-vertical is-layout-flex wp-container-core-group-is-layout-faa163cf wp-block-group-is-layout-flex\" style=\"padding-right:var(--wp--preset--spacing--20);padding-left:var(--wp--preset--spacing--20)\">\n<p>&#8211; Organisation et planification<\/p>\n\n\n\n<p>&#8211; VISA des \u00e9tudes d\u2019EXE<\/p>\n\n\n\n<p>&#8211; R\u00e9unions de chantier<\/p>\n\n\n\n<p>&#8211; Suivi administratif et financier<\/p>\n\n\n\n<p>&#8211; Gestion des impr\u00e9vus<\/p>\n<\/div>\n<\/div>\n\n\n\n<div class=\"wp-block-group bg-fonce mission-vignette-container has-global-padding is-layout-constrained wp-block-group-is-layout-constrained\">\n<div class=\"wp-block-group alignfull contour-bg has-contrast-color has-base-background-color has-text-color has-background has-link-color wp-elements-6744ce87531aafd1bc9fb66600cf6b83 has-global-padding is-layout-constrained wp-container-core-group-is-layout-35e39b01 wp-block-group-is-layout-constrained\" style=\"border-top-left-radius:20px;border-top-right-radius:20px;min-height:100%;padding-top:0;padding-right:0;padding-bottom:var(--wp--preset--spacing--50);padding-left:0\">\n<div class=\"wp-block-group alignfull is-nowrap is-layout-flex wp-container-core-group-is-layout-7c8e3143 wp-block-group-is-layout-flex\" style=\"border-top-left-radius:20px;border-top-right-radius:20px;padding-right:var(--wp--preset--spacing--20)\">\n<figure class=\"wp-block-image size-thumbnail is-resized has-custom-border missions-img-vignette-missions\"><img loading=\"lazy\" decoding=\"async\" width=\"150\" height=\"150\" src=\"http:\/\/ativia.fr\/wp-content\/uploads\/2025\/04\/compagnonsplansativia-150x150.jpg\" alt=\"\" class=\"wp-image-17\" style=\"border-top-left-radius:20px;border-bottom-right-radius:20px;object-fit:contain;width:126px;height:126px\" srcset=\"https:\/\/ativia.fr\/wp-content\/uploads\/2025\/04\/compagnonsplansativia-150x150.jpg 150w, https:\/\/ativia.fr\/wp-content\/uploads\/2025\/04\/compagnonsplansativia-300x300.jpg 300w, https:\/\/ativia.fr\/wp-content\/uploads\/2025\/04\/compagnonsplansativia-768x768.jpg 768w, https:\/\/ativia.fr\/wp-content\/uploads\/2025\/04\/compagnonsplansativia.jpg 1024w\" sizes=\"auto, (max-width: 150px) 100vw, 150px\" \/><\/figure>\n\n\n\n<h2 class=\"wp-block-heading has-contrast-color has-text-color has-link-color wp-elements-79a58245312c0034a84c6a63baa2cb2c\" style=\"font-size:clamp(14.642px, 0.915rem + ((1vw - 3.2px) * 0.721), 22px);\">Ordonnancement, pilotage et coordination (OPC)<\/h2>\n<\/div>\n\n\n\n<p class=\"has-contrast-color has-text-color has-link-color wp-elements-c045d75262c9159049916dd557edde17\" style=\"padding-right:var(--wp--preset--spacing--20);padding-left:var(--wp--preset--spacing--20)\">La phase OPC permet une coordination rigoureuse et une communication efficace entre tous les acteurs du projet.<\/p>\n\n\n\n<div class=\"wp-block-group has-base-color has-text-color has-link-color wp-elements-2aefc0975474c7457ffbc23cc3791f5c is-vertical is-layout-flex wp-container-core-group-is-layout-c8a7d908 wp-block-group-is-layout-flex\" style=\"padding-right:var(--wp--preset--spacing--20);padding-left:var(--wp--preset--spacing--20)\">\n<p class=\"has-contrast-color has-text-color has-link-color wp-elements-7fd0b5d472665e35aa3ffa426479572f\">&#8211; Planification<\/p>\n\n\n\n<p class=\"has-contrast-color has-text-color has-link-color wp-elements-e21dcf9098b4052cfeacceb28540abdd\">&#8211; Phasage<\/p>\n\n\n\n<p class=\"has-contrast-color has-text-color has-link-color wp-elements-325749891844ce9ef6a79c85b59c539f\">&#8211; Gestion des intervenants<\/p>\n\n\n\n<p class=\"has-contrast-color has-text-color has-link-color wp-elements-106a0e64fba981d0b52856df80c9782c\">&#8211; Gestion des interfaces<\/p>\n<\/div>\n<\/div>\n<\/div>\n\n\n\n<div class=\"wp-block-group alignfull mission-vignette-container has-contrast-background-color has-background has-global-padding is-layout-constrained wp-container-core-group-is-layout-35e39b01 wp-block-group-is-layout-constrained\" style=\"border-top-left-radius:20px;border-top-right-radius:20px;padding-top:0;padding-right:0;padding-bottom:var(--wp--preset--spacing--50);padding-left:0\">\n<div class=\"wp-block-group alignfull is-nowrap is-layout-flex wp-container-core-group-is-layout-7c8e3143 wp-block-group-is-layout-flex\" style=\"border-top-left-radius:20px;border-top-right-radius:20px;padding-right:var(--wp--preset--spacing--20)\">\n<figure class=\"wp-block-image size-thumbnail is-resized has-custom-border missions-img-vignette-missions\"><img loading=\"lazy\" decoding=\"async\" width=\"150\" height=\"150\" src=\"http:\/\/ativia.fr\/wp-content\/uploads\/2025\/04\/terrassplanativia-150x150.jpg\" alt=\"\" class=\"wp-image-23\" style=\"border-top-left-radius:20px;border-bottom-right-radius:20px;object-fit:contain;width:126px;height:126px\" srcset=\"https:\/\/ativia.fr\/wp-content\/uploads\/2025\/04\/terrassplanativia-150x150.jpg 150w, https:\/\/ativia.fr\/wp-content\/uploads\/2025\/04\/terrassplanativia-300x300.jpg 300w, https:\/\/ativia.fr\/wp-content\/uploads\/2025\/04\/terrassplanativia-768x768.jpg 768w, https:\/\/ativia.fr\/wp-content\/uploads\/2025\/04\/terrassplanativia.jpg 1024w\" sizes=\"auto, (max-width: 150px) 100vw, 150px\" \/><\/figure>\n\n\n\n<h2 class=\"wp-block-heading has-base-color has-text-color has-link-color wp-elements-6aa4ecddfee772e35b56bbdfbbbce4f5\" style=\"font-size:clamp(16.293px, 1.018rem + ((1vw - 3.2px) * 0.854), 25px);\">Assistance aux op\u00e9rations de r\u00e9ception (AOR)<\/h2>\n<\/div>\n\n\n\n<p class=\"has-base-color has-text-color has-link-color wp-elements-720845ebd1bd3a5ecdece271ab6f1e2b\" style=\"padding-right:var(--wp--preset--spacing--20);padding-left:var(--wp--preset--spacing--20)\">La phase permet de garantir que le projet est livr\u00e9 conform\u00e9ment aux attentes et que toutes les obligations contractuelles sont respect\u00e9es.<\/p>\n\n\n\n<div class=\"wp-block-group has-base-color has-text-color has-link-color wp-elements-d7b4fc2d357ac41306dea5bc45a0bf59 is-vertical is-layout-flex wp-container-core-group-is-layout-faa163cf wp-block-group-is-layout-flex\" style=\"padding-right:var(--wp--preset--spacing--20);padding-left:var(--wp--preset--spacing--20)\">\n<p>&#8211; Visite pr\u00e9alable<\/p>\n\n\n\n<p>&#8211; Etablissement des PV<\/p>\n\n\n\n<p>&#8211; Visite de lev\u00e9e des r\u00e9serves<\/p>\n\n\n\n<p>&#8211; R\u00e9ception d\u00e9finitive<\/p>\n\n\n\n<p>&#8211; Cl\u00f4ture administrative et financi\u00e8re<\/p>\n\n\n\n<p>&#8211; Visite d\u2019ann\u00e9e de parfait ach\u00e8vement<\/p>\n<\/div>\n<\/div>\n<\/div>\n\n\n\n<div class=\"wp-block-group alignfull has-base-background-color has-background has-global-padding is-layout-constrained wp-block-group-is-layout-constrained\" style=\"padding-top:var(--wp--preset--spacing--60);padding-bottom:var(--wp--preset--spacing--60)\">\n<h2 class=\"wp-block-heading alignwide has-text-align-center has-contrast-color has-text-color has-link-color wp-elements-3e4210770a009f877f09e86021aad121\" style=\"padding-top:var(--wp--preset--spacing--50);padding-bottom:var(--wp--preset--spacing--40);font-size:clamp(24.034px, 1.502rem + ((1vw - 3.2px) * 1.565), 40px);\">Discutons de votre projet<\/h2>\n\n\n\n<div class=\"wp-block-group alignwide contact-container has-global-padding is-content-justification-center is-layout-constrained wp-block-group-is-layout-constrained\">\n<div class=\"wp-block-group has-global-padding is-layout-constrained wp-container-core-group-is-layout-731c369d wp-block-group-is-layout-constrained\">\n<div class=\"wp-block-group has-background has-global-padding is-layout-constrained wp-block-group-is-layout-constrained\" style=\"border-radius:500px;background-color:#c8f1de\">\n<figure class=\"wp-block-image aligncenter is-style-rounded wp-duotone-unset-1\"><img decoding=\"async\" src=\"https:\/\/wordpress.pinglab.fr\/wp-content\/uploads\/2025\/03\/02968425-bc48-80f1-8005-b1d8b0c698eb.png\" alt=\"\" class=\"wp-image-159\"\/><\/figure>\n<\/div>\n<\/div>\n\n\n\n<div class=\"wp-block-group is-vertical is-layout-flex wp-container-core-group-is-layout-4b827052 wp-block-group-is-layout-flex\">\n<div class=\"wp-block-group is-nowrap is-layout-flex wp-container-core-group-is-layout-6c531013 wp-block-group-is-layout-flex\">\n<figure class=\"wp-block-image size-large\"><img decoding=\"async\" src=\"https:\/\/wordpress.pinglab.fr\/wp-content\/uploads\/2025\/03\/Graphics-_-Default-_-phone.svg-1.svg\" alt=\"\" class=\"wp-image-274\"\/><\/figure>\n\n\n\n<p class=\"has-contrast-color has-text-color has-link-color wp-elements-f912f079546dc1f3135fcf8aad1494e6\">T\u00e9l. : 09 83 07 36 52<\/p>\n<\/div>\n\n\n\n<div class=\"wp-block-group is-nowrap is-layout-flex wp-container-core-group-is-layout-6c531013 wp-block-group-is-layout-flex\">\n<figure class=\"wp-block-image size-large\"><img decoding=\"async\" src=\"https:\/\/wordpress.pinglab.fr\/wp-content\/uploads\/2025\/03\/Graphics-_-Outlined-_-email-outline.svg-1.svg\" alt=\"\" class=\"wp-image-273\"\/><\/figure>\n\n\n\n<p class=\"has-contrast-color has-text-color has-link-color wp-elements-e35091c8000ae9268cea6b193f4fbaef\">contact@ativia.fr<\/p>\n<\/div>\n\n\n\n<div class=\"wp-block-buttons btn-web is-layout-flex wp-block-buttons-is-layout-flex\" style=\"padding-top:var(--wp--preset--spacing--50)\">\n<div class=\"wp-block-button btn-ativia-fonce\"><a class=\"wp-block-button__link has-contrast-color has-text-color has-background has-link-color wp-element-button\" href=\"https:\/\/ativia.fr\/index.php\/contactez-nous\/\" style=\"background-color:#b5e9d1\">Formulaire de contact<\/a><\/div>\n<\/div>\n<\/div>\n<\/div>\n\n\n\n<div class=\"wp-block-buttons btn-mob is-content-justification-center is-layout-flex wp-container-core-buttons-is-layout-79a8c2d4 wp-block-buttons-is-layout-flex\" style=\"margin-top:0;margin-bottom:0;padding-top:var(--wp--preset--spacing--50);padding-bottom:var(--wp--preset--spacing--60)\">\n<div class=\"wp-block-button btn-ativia-fonce\"><a class=\"wp-block-button__link has-contrast-color has-text-color has-background has-link-color has-text-align-center wp-element-button\" href=\"https:\/\/ativia.fr\/index.php\/contactez-nous\/\" style=\"background-color:#b5e9d1\">Contactez-nous<\/a><\/div>\n<\/div>\n<\/div>\n","protected":false},"excerpt":{"rendered":"<p>Nos Missions Notre soci\u00e9t\u00e9, sp\u00e9cialis\u00e9e dans la maitrise d\u2019\u0153uvre VRD (Voirie et R\u00e9seaux Divers), accompagne les collectivit\u00e9s, promoteurs, entreprises\u2026 dans la conception et la r\u00e9alisation d\u2019infrastructures performantes. Nous nous engageons \u00e0 offrir des solutions sur mesure, en garantissant le respect des d\u00e9lais et des budgets, une expertise technique et innovante et un accompagnement \u00e0 chaque [&hellip;]<\/p>\n","protected":false},"author":1,"featured_media":0,"parent":0,"menu_order":0,"comment_status":"closed","ping_status":"closed","template":"","meta":{"inline_featured_image":false,"footnotes":""},"class_list":["post-53","page","type-page","status-publish","hentry"],"_links":{"self":[{"href":"https:\/\/ativia.fr\/index.php\/wp-json\/wp\/v2\/pages\/53","targetHints":{"allow":["GET"]}}],"collection":[{"href":"https:\/\/ativia.fr\/index.php\/wp-json\/wp\/v2\/pages"}],"about":[{"href":"https:\/\/ativia.fr\/index.php\/wp-json\/wp\/v2\/types\/page"}],"author":[{"embeddable":true,"href":"https:\/\/ativia.fr\/index.php\/wp-json\/wp\/v2\/users\/1"}],"replies":[{"embeddable":true,"href":"https:\/\/ativia.fr\/index.php\/wp-json\/wp\/v2\/comments?post=53"}],"version-history":[{"count":6,"href":"https:\/\/ativia.fr\/index.php\/wp-json\/wp\/v2\/pages\/53\/revisions"}],"predecessor-version":[{"id":125,"href":"https:\/\/ativia.fr\/index.php\/wp-json\/wp\/v2\/pages\/53\/revisions\/125"}],"wp:attachment":[{"href":"https:\/\/ativia.fr\/index.php\/wp-json\/wp\/v2\/media?parent=53"}],"curies":[{"name":"wp","href":"https:\/\/api.w.org\/{rel}","templated":true}]}}